{"id":4,"date":"2017-02-17T01:40:23","date_gmt":"2017-02-17T01:40:23","guid":{"rendered":"http:\/\/anima.bio.br\/index.php\/home\/"},"modified":"2018-10-26T02:02:04","modified_gmt":"2018-10-26T02:02:04","slug":"home","status":"publish","type":"page","link":"http:\/\/anima.bio.br\/","title":{"rendered":"Ol\u00e1"},"content":{"rendered":"<p><img data-recalc-dims=\"1\" loading=\"lazy\" decoding=\"async\" class=\"wp-image-58 size-medium alignleft\" src=\"https:\/\/i0.wp.com\/anima.bio.br\/wp-content\/uploads\/2018\/10\/Mario-Mar.png?resize=300%2C267\" alt=\"\" width=\"300\" height=\"267\" srcset=\"https:\/\/i0.wp.com\/anima.bio.br\/wp-content\/uploads\/2018\/10\/Mario-Mar.png?resize=300%2C267 300w, https:\/\/i0.wp.com\/anima.bio.br\/wp-content\/uploads\/2018\/10\/Mario-Mar.png?w=329 329w\" sizes=\"auto, (max-width: 300px) 100vw, 300px\" \/>Sou especialista em An\u00e1lise de Imagens no contexto cient\u00edfico. Neste caminho de mais de 20 anos, colaborei com projetos de pesquisa em algumas \u00e1reas do conhecimento, a maioria com afinidades biol\u00f3gicas, atendendo a demandas de morfologia e estereologia.<\/p>\n<p>Em fun\u00e7\u00e3o disso me especializei em microscopia e alguns softwares de an\u00e1lise de imagens, como o Image Pro (<a href=\"http:\/\/www.mediacy.com\/imageproplus\">Media Cybernetics<\/a>), Nis Elements (<a href=\"https:\/\/www.nikoninstruments.com\/pr_BR\/Produtos\/Software\">Nikon<\/a>), FIJI (<a href=\"https:\/\/imagej.net\/Fiji\">NIH<\/a>) e em bioestatistica, no Prism (<a href=\"https:\/\/www.graphpad.com\/scientific-software\/prism\/\">GraphPad<\/a>) sobre os quais ministrei cursos presenciais e semi-presenciais em alguns programas de p\u00f3s-gradua\u00e7\u00e3o (<a href=\"http:\/\/lattes.cnpq.br\/3798148050359767\">cv lattes<\/a>)<\/p>\n<p><a href=\"http:\/\/anima.bio.br\/index.php\/contact-us\/\">Entre em contato<\/a> e conversamos sobre suas quest\u00f5es e minhas refer\u00eancias. At\u00e9 breve.<\/p>\n<p>&nbsp;<\/p>\n","protected":false},"excerpt":{"rendered":"<p>Sou especialista em An\u00e1lise de Imagens no contexto cient\u00edfico. Neste caminho de mais de 20 anos, colaborei com projetos de pesquisa em algumas \u00e1reas do conhecimento, a maioria com afinidades biol\u00f3gicas, atendendo a demandas de morfologia e estereologia. Em fun\u00e7\u00e3o <a class=\"more-link\" href=\"http:\/\/anima.bio.br\/\">Read More &#8230;<\/a><\/p>\n","protected":false},"author":1,"featured_media":0,"parent":0,"menu_order":0,"comment_status":"closed","ping_status":"closed","template":"","meta":{"om_disable_all_campaigns":false,"footnotes":""},"class_list":["post-4","page","type-page","status-publish","hentry"],"jetpack_sharing_enabled":true,"_links":{"self":[{"href":"http:\/\/anima.bio.br\/index.php\/wp-json\/wp\/v2\/pages\/4","targetHints":{"allow":["GET"]}}],"collection":[{"href":"http:\/\/anima.bio.br\/index.php\/wp-json\/wp\/v2\/pages"}],"about":[{"href":"http:\/\/anima.bio.br\/index.php\/wp-json\/wp\/v2\/types\/page"}],"author":[{"embeddable":true,"href":"http:\/\/anima.bio.br\/index.php\/wp-json\/wp\/v2\/users\/1"}],"replies":[{"embeddable":true,"href":"http:\/\/anima.bio.br\/index.php\/wp-json\/wp\/v2\/comments?post=4"}],"version-history":[{"count":11,"href":"http:\/\/anima.bio.br\/index.php\/wp-json\/wp\/v2\/pages\/4\/revisions"}],"predecessor-version":[{"id":94,"href":"http:\/\/anima.bio.br\/index.php\/wp-json\/wp\/v2\/pages\/4\/revisions\/94"}],"wp:attachment":[{"href":"http:\/\/anima.bio.br\/index.php\/wp-json\/wp\/v2\/media?parent=4"}],"curies":[{"name":"wp","href":"https:\/\/api.w.org\/{rel}","templated":true}]}}